{"id":16,"date":"2015-05-24T01:49:13","date_gmt":"2015-05-23T23:49:13","guid":{"rendered":"http:\/\/mosrzroznava.sk\/?page_id=16"},"modified":"2025-12-16T20:01:14","modified_gmt":"2025-12-16T18:01:14","slug":"povolenia-uradov","status":"publish","type":"page","link":"http:\/\/mosrzroznava.sk\/?page_id=16","title":{"rendered":"Povolenia na lov"},"content":{"rendered":"\n<div class=\"wp-block-file\"><a id=\"wp-block-file--media-2a150752-56ec-4718-8f46-3c3d1606ad6c\" href=\"http:\/\/mosrzroznava.sk\/wp-content\/uploads\/2025\/12\/SRZ-Ziadost_Clena_o_vydanie_ID_clena_Suhlas-1.pdf\">SRZ-Ziadost_Clena_o_vydanie_ID_clena_Suhlas-1<\/a><a href=\"http:\/\/mosrzroznava.sk\/wp-content\/uploads\/2025\/12\/SRZ-Ziadost_Clena_o_vydanie_ID_clena_Suhlas-1.pdf\" class=\"wp-block-file__button wp-element-button\" download aria-describedby=\"wp-block-file--media-2a150752-56ec-4718-8f46-3c3d1606ad6c\">Stiahnu\u0165<\/a><\/div>\n\n\n\n<div class=\"wp-block-file\"><a id=\"wp-block-file--media-6ab0c730-4f84-42a7-90e5-f28cb80009f0\" href=\"http:\/\/mosrzroznava.sk\/wp-content\/uploads\/2025\/12\/Objednavka_SRZ-2026.pdf\">Objednavka_SRZ-2026<\/a><a href=\"http:\/\/mosrzroznava.sk\/wp-content\/uploads\/2025\/12\/Objednavka_SRZ-2026.pdf\" class=\"wp-block-file__button wp-element-button\" download aria-describedby=\"wp-block-file--media-6ab0c730-4f84-42a7-90e5-f28cb80009f0\">Stiahnu\u0165<\/a><\/div>\n\n\n\n<div class=\"wp-block-file\"><a id=\"wp-block-file--media-b5a3e84a-79f2-49eb-82ac-e3fa25d7d266\" href=\"http:\/\/mosrzroznava.sk\/wp-content\/uploads\/2025\/01\/Objednavka_SRZ-2025.pdf\" target=\"_blank\" rel=\"noreferrer noopener\">Objednavka_SRZ-2025<\/a><a href=\"http:\/\/mosrzroznava.sk\/wp-content\/uploads\/2025\/01\/Objednavka_SRZ-2025.pdf\" class=\"wp-block-file__button wp-element-button\" download aria-describedby=\"wp-block-file--media-b5a3e84a-79f2-49eb-82ac-e3fa25d7d266\">Stiahnu\u0165<\/a><\/div>\n\n\n\n<div class=\"wp-block-file\"><a id=\"wp-block-file--media-ce1304a6-ee7e-4e08-bc40-5efcf075d132\" href=\"http:\/\/mosrzroznava.sk\/wp-content\/uploads\/2023\/12\/Objednavka-na-rybarske-povolenie_SRZ-2024.pdf\">Objednavka-na-rybarske-povolenie_SRZ-2024<\/a><a href=\"http:\/\/mosrzroznava.sk\/wp-content\/uploads\/2023\/12\/Objednavka-na-rybarske-povolenie_SRZ-2024.pdf\" class=\"wp-block-file__button wp-element-button\" download aria-describedby=\"wp-block-file--media-ce1304a6-ee7e-4e08-bc40-5efcf075d132\">Stiahnu\u0165<\/a><\/div>\n\n\n\n<div class=\"wp-block-file\"><a id=\"wp-block-file--media-a2077e9d-a877-4e73-b9e1-c7c091beb596\" href=\"http:\/\/mosrzroznava.sk\/wp-content\/uploads\/2022\/12\/Objednavka_SRZ-2023-1.pdf\">Objednavka_SRZ-2023-1<\/a><a href=\"http:\/\/mosrzroznava.sk\/wp-content\/uploads\/2022\/12\/Objednavka_SRZ-2023-1.pdf\" class=\"wp-block-file__button wp-element-button\" download aria-describedby=\"wp-block-file--media-a2077e9d-a877-4e73-b9e1-c7c091beb596\">Stiahnu\u0165<\/a><\/div>\n\n\n\n<div class=\"wp-block-file\"><a id=\"wp-block-file--media-37b477bb-cfc7-48c8-8b4d-338d138eafd9\" href=\"http:\/\/mosrzroznava.sk\/wp-content\/uploads\/2022\/05\/Objednavka-na-rybarske-povolenie_SRZ-2022.pdf\">Objednavka-na-rybarske-povolenie_SRZ-2022<\/a><a href=\"http:\/\/mosrzroznava.sk\/wp-content\/uploads\/2022\/05\/Objednavka-na-rybarske-povolenie_SRZ-2022.pdf\" class=\"wp-block-file__button wp-element-button\" download aria-describedby=\"wp-block-file--media-37b477bb-cfc7-48c8-8b4d-338d138eafd9\">Stiahnu\u0165<\/a><\/div>\n\n\n\n<div class=\"wp-block-file\"><a id=\"wp-block-file--media-f5077ae7-23b0-4285-a00f-bab0bbf6a92c\" href=\"http:\/\/mosrzroznava.sk\/wp-content\/uploads\/2022\/05\/Objednavka-povoleniek-a-platieb-na-rok-2021.pdf\">Objednavka-povoleniek-a-platieb-na-rok-2021<\/a><a href=\"http:\/\/mosrzroznava.sk\/wp-content\/uploads\/2022\/05\/Objednavka-povoleniek-a-platieb-na-rok-2021.pdf\" class=\"wp-block-file__button wp-element-button\" download aria-describedby=\"wp-block-file--media-f5077ae7-23b0-4285-a00f-bab0bbf6a92c\">Stiahnu\u0165<\/a><\/div>\n\n\n\n<p class=\"has-text-align-center\"> Mo\u017enos\u0165 zak\u00fapi\u0165 si hos\u0165ovanie povolenky na kaprov\u00e9 a pstruhov\u00e9 vody MO SRZ Ro\u017e\u0148ava<\/p>\n\n\n\n<p class=\"has-text-align-center\">  Miesto zak\u00fapenia <\/p>\n\n\n\n<p class=\"has-text-align-center\"><strong> F. H. M. Ryb\u00e1rske potreby \u010cu\u010dmiansk\u00e1 dlh\u00e1 45,<\/strong><\/p>\n\n\n\n<p class=\"has-text-align-center\"><strong> otv\u00e1racia doba<\/strong><\/p>\n\n\n\n<p class=\"has-text-align-center\"><strong> pondelok &#8211; piatok od 8.30 do 17.30 hod.<\/strong><\/p>\n\n\n\n<p class=\"has-text-align-center\"><strong>  sobota <\/strong>ZATVOREN\u00c9<\/p>\n\n\n\n<p class=\"has-text-align-center\"> Popr\u00edpade pod\u013ea dohody : 0918 981 475<\/p>\n\n\n\n<p><\/p>\n\n\n<div class=\"wp-block-image\">\n<figure class=\"aligncenter size-large\"><a href=\"http:\/\/mosrzroznava.sk\/wp-content\/uploads\/2022\/05\/IMG_20220519_162859-scaled.jpg\"><img decoding=\"async\" loading=\"lazy\" width=\"1024\" height=\"766\" src=\"http:\/\/mosrzroznava.sk\/wp-content\/uploads\/2022\/05\/IMG_20220519_162859-1024x766.jpg\" alt=\"\" class=\"wp-image-657\" srcset=\"http:\/\/mosrzroznava.sk\/wp-content\/uploads\/2022\/05\/IMG_20220519_162859-1024x766.jpg 1024w, http:\/\/mosrzroznava.sk\/wp-content\/uploads\/2022\/05\/IMG_20220519_162859-300x224.jpg 300w, http:\/\/mosrzroznava.sk\/wp-content\/uploads\/2022\/05\/IMG_20220519_162859-768x575.jpg 768w, http:\/\/mosrzroznava.sk\/wp-content\/uploads\/2022\/05\/IMG_20220519_162859-1536x1149.jpg 1536w, http:\/\/mosrzroznava.sk\/wp-content\/uploads\/2022\/05\/IMG_20220519_162859-2048x1532.jpg 2048w\" sizes=\"(max-width: 1024px) 100vw, 1024px\" \/><\/a><\/figure><\/div>\n\n\n<p><\/p>\n","protected":false},"excerpt":{"rendered":"<p>Mo\u017enos\u0165 zak\u00fapi\u0165 si hos\u0165ovanie povolenky na kaprov\u00e9 a pstruhov\u00e9 vody MO SRZ Ro\u017e\u0148ava Miesto zak\u00fapenia F. H. M. Ryb\u00e1rske potreby \u010cu\u010dmiansk\u00e1 dlh\u00e1 45, otv\u00e1racia doba pondelok &#8211; piatok od 8.30 do 17.30 hod. sobota ZATVOREN\u00c9 Popr\u00edpade pod\u013ea dohody : 0918 981 475<\/p>\n","protected":false},"author":1,"featured_media":0,"parent":0,"menu_order":0,"comment_status":"open","ping_status":"open","template":"","meta":[],"_links":{"self":[{"href":"http:\/\/mosrzroznava.sk\/index.php?rest_route=\/wp\/v2\/pages\/16"}],"collection":[{"href":"http:\/\/mosrzroznava.sk\/index.php?rest_route=\/wp\/v2\/pages"}],"about":[{"href":"http:\/\/mosrzroznava.sk\/index.php?rest_route=\/wp\/v2\/types\/page"}],"author":[{"embeddable":true,"href":"http:\/\/mosrzroznava.sk\/index.php?rest_route=\/wp\/v2\/users\/1"}],"replies":[{"embeddable":true,"href":"http:\/\/mosrzroznava.sk\/index.php?rest_route=%2Fwp%2Fv2%2Fcomments&post=16"}],"version-history":[{"count":45,"href":"http:\/\/mosrzroznava.sk\/index.php?rest_route=\/wp\/v2\/pages\/16\/revisions"}],"predecessor-version":[{"id":1169,"href":"http:\/\/mosrzroznava.sk\/index.php?rest_route=\/wp\/v2\/pages\/16\/revisions\/1169"}],"wp:attachment":[{"href":"http:\/\/mosrzroznava.sk\/index.php?rest_route=%2Fwp%2Fv2%2Fmedia&parent=16"}],"curies":[{"name":"wp","href":"https:\/\/api.w.org\/{rel}","templated":true}]}}