{"id":44,"date":"2015-05-24T02:00:09","date_gmt":"2015-05-24T00:00:09","guid":{"rendered":"http:\/\/mosrzroznava.sk\/?page_id=44"},"modified":"2026-04-12T18:47:13","modified_gmt":"2026-04-12T16:47:13","slug":"clenovia-vyboru","status":"publish","type":"page","link":"http:\/\/mosrzroznava.sk\/?page_id=44","title":{"rendered":"\u010clenovia v\u00fdboru"},"content":{"rendered":"\n<p><\/p>\n\n\n\n<ul>\n<li> Ing. \u010ci\u0161ko Peter  &#8211;  <em>predseda<\/em> <\/li>\n\n\n\n<li> Mihok Michal &#8211; <em>tajomn\u00edk<\/em><\/li>\n\n\n\n<li> MVDr. Mgr.  Bil\u00edk \u0160tefan &#8211; <em>hlavn\u00fd hospod\u00e1r<\/em><\/li>\n\n\n\n<li>MUDr. Varga Tibor &#8211; <em>podpredsed<\/em>a<\/li>\n\n\n\n<li>Ing. Csehov\u00e1 Erika- <em>pokladn\u00ed\u010dka<\/em><\/li>\n\n\n\n<li> Antal\u00edk J\u00e1n &#8211; <em>velite\u013e ryb\u00e1rskej str\u00e1\u017ee<\/em><\/li>\n\n\n\n<li> Kocsis \u0160tefan<\/li>\n\n\n\n<li>Ing. Brincko Valerij <\/li>\n\n\n\n<li>Gazdak Martin<\/li>\n\n\n\n<li>Bc. Sabado\u0161 Slavom\u00edr <\/li>\n\n\n\n<li>Vidinsk\u00fd Erich<\/li>\n\n\n\n<li> Leskoviansk\u00fd  Albert <\/li>\n\n\n\n<li>Bodn\u00e1r Imrich<\/li>\n<\/ul>\n","protected":false},"excerpt":{"rendered":"","protected":false},"author":1,"featured_media":0,"parent":0,"menu_order":0,"comment_status":"open","ping_status":"open","template":"","meta":[],"_links":{"self":[{"href":"http:\/\/mosrzroznava.sk\/index.php?rest_route=\/wp\/v2\/pages\/44"}],"collection":[{"href":"http:\/\/mosrzroznava.sk\/index.php?rest_route=\/wp\/v2\/pages"}],"about":[{"href":"http:\/\/mosrzroznava.sk\/index.php?rest_route=\/wp\/v2\/types\/page"}],"author":[{"embeddable":true,"href":"http:\/\/mosrzroznava.sk\/index.php?rest_route=\/wp\/v2\/users\/1"}],"replies":[{"embeddable":true,"href":"http:\/\/mosrzroznava.sk\/index.php?rest_route=%2Fwp%2Fv2%2Fcomments&post=44"}],"version-history":[{"count":18,"href":"http:\/\/mosrzroznava.sk\/index.php?rest_route=\/wp\/v2\/pages\/44\/revisions"}],"predecessor-version":[{"id":1230,"href":"http:\/\/mosrzroznava.sk\/index.php?rest_route=\/wp\/v2\/pages\/44\/revisions\/1230"}],"wp:attachment":[{"href":"http:\/\/mosrzroznava.sk\/index.php?rest_route=%2Fwp%2Fv2%2Fmedia&parent=44"}],"curies":[{"name":"wp","href":"https:\/\/api.w.org\/{rel}","templated":true}]}}