{"id":46,"date":"2015-05-24T02:00:34","date_gmt":"2015-05-24T00:00:34","guid":{"rendered":"http:\/\/mosrzroznava.sk\/?page_id=46"},"modified":"2026-04-12T18:49:35","modified_gmt":"2026-04-12T16:49:35","slug":"clenovia-rybarskej-straze","status":"publish","type":"page","link":"http:\/\/mosrzroznava.sk\/?page_id=46","title":{"rendered":"\u010clenovia ryb\u00e1rskej str\u00e1\u017ee"},"content":{"rendered":"\n<ul>\n<li>J\u00e1n Antal\u00edk &#8211; velite\u013e ryb\u00e1rskej str\u00e1\u017ee<\/li>\n\n\n\n<li>Franti\u0161ek \u010cmiel<\/li>\n\n\n\n<li>Peter Hutnik<\/li>\n\n\n\n<li>Rastislav Kereke\u0161<\/li>\n\n\n\n<li>Tibor Milko<\/li>\n\n\n\n<li>Ondrej Sabado\u0161<\/li>\n\n\n\n<li>Alexander Skokan<\/li>\n\n\n\n<li>Ing. Milo\u0161 Varga PhD.<\/li>\n\n\n\n<li>Ondrej Gibas<\/li>\n\n\n\n<li>Jozef Mudro\u0148<\/li>\n<\/ul>\n\n\n\n<p style=\"font-size:23px\"><\/p>\n","protected":false},"excerpt":{"rendered":"","protected":false},"author":1,"featured_media":0,"parent":0,"menu_order":0,"comment_status":"open","ping_status":"open","template":"","meta":[],"_links":{"self":[{"href":"http:\/\/mosrzroznava.sk\/index.php?rest_route=\/wp\/v2\/pages\/46"}],"collection":[{"href":"http:\/\/mosrzroznava.sk\/index.php?rest_route=\/wp\/v2\/pages"}],"about":[{"href":"http:\/\/mosrzroznava.sk\/index.php?rest_route=\/wp\/v2\/types\/page"}],"author":[{"embeddable":true,"href":"http:\/\/mosrzroznava.sk\/index.php?rest_route=\/wp\/v2\/users\/1"}],"replies":[{"embeddable":true,"href":"http:\/\/mosrzroznava.sk\/index.php?rest_route=%2Fwp%2Fv2%2Fcomments&post=46"}],"version-history":[{"count":5,"href":"http:\/\/mosrzroznava.sk\/index.php?rest_route=\/wp\/v2\/pages\/46\/revisions"}],"predecessor-version":[{"id":1233,"href":"http:\/\/mosrzroznava.sk\/index.php?rest_route=\/wp\/v2\/pages\/46\/revisions\/1233"}],"wp:attachment":[{"href":"http:\/\/mosrzroznava.sk\/index.php?rest_route=%2Fwp%2Fv2%2Fmedia&parent=46"}],"curies":[{"name":"wp","href":"https:\/\/api.w.org\/{rel}","templated":true}]}}