{"id":48,"date":"2015-05-24T02:00:48","date_gmt":"2015-05-24T00:00:48","guid":{"rendered":"http:\/\/mosrzroznava.sk\/?page_id=48"},"modified":"2024-03-05T20:54:59","modified_gmt":"2024-03-05T18:54:59","slug":"pstruhove-reviry","status":"publish","type":"page","link":"http:\/\/mosrzroznava.sk\/?page_id=48","title":{"rendered":"Pstruhov\u00e9 rev\u00edry"},"content":{"rendered":"<p style=\"text-align: center;\"><span style=\"color: #ff0000;\"><strong>Lov na pstruhov\u00fdch vod\u00e1ch je povolen\u00fd od 16.04 do 30.09. kalend\u00e1rneho roka. <\/strong><\/span><\/p>\n<p style=\"text-align: center;\"><span style=\"color: #ff0000;\"><strong>Po\u010det vych\u00e1dzok- maxim\u00e1lne <\/strong><strong>3x<\/strong><strong> v\u00a0t\u00fd\u017edni.<\/strong><\/span><\/p>\n<p><strong>r.\u010d. 4-2271-4-4 Slan\u00e1 \u010d.2b CHAP<\/strong> od cestn\u00e9ho mosta v Gombaseku \/ smer Silica \/ po cestn\u00fd most v obci Brzot\u00edn<\/p>\n<p><strong>r.\u010d. 4-2272-4-4 Slan\u00e1 \u010d.2c CHAP<\/strong> od cestn\u00e9ho mosta v obci Brzot\u00edn po cestn\u00fd most v Ro\u017e\u0148ave\/smer \u0160t\u00edtnik. Pozor zmena re\u017eimu lovu. <span style=\"color: #ff0000;\">REV\u00cdR BEZ PRIVLASTNENIA \u00daLOVKU &#8211; CHAP !!!<\/span><br \/>\nRev\u00edr nie je zvl\u00e1\u0161\u0165 spoplatnen\u00fd !<\/p>\n<p><strong> <a href=\"http:\/\/mosrzroznava.sk\/wp-content\/uploads\/2021\/12\/IMG_20210912_144954-scaled.jpg\"><img decoding=\"async\" loading=\"lazy\" class=\"alignnone  wp-image-392\" src=\"http:\/\/mosrzroznava.sk\/wp-content\/uploads\/2021\/12\/IMG_20210912_144954-300x225.jpg\" alt=\"\" width=\"99\" height=\"74\" srcset=\"http:\/\/mosrzroznava.sk\/wp-content\/uploads\/2021\/12\/IMG_20210912_144954-300x225.jpg 300w, http:\/\/mosrzroznava.sk\/wp-content\/uploads\/2021\/12\/IMG_20210912_144954-1024x768.jpg 1024w, http:\/\/mosrzroznava.sk\/wp-content\/uploads\/2021\/12\/IMG_20210912_144954-768x576.jpg 768w, http:\/\/mosrzroznava.sk\/wp-content\/uploads\/2021\/12\/IMG_20210912_144954-1536x1152.jpg 1536w, http:\/\/mosrzroznava.sk\/wp-content\/uploads\/2021\/12\/IMG_20210912_144954-2048x1536.jpg 2048w\" sizes=\"(max-width: 99px) 100vw, 99px\" \/><\/a> <a href=\"http:\/\/mosrzroznava.sk\/wp-content\/uploads\/2021\/12\/IMG_20210912_145013-scaled.jpg\"><img decoding=\"async\" loading=\"lazy\" class=\"alignnone  wp-image-393\" src=\"http:\/\/mosrzroznava.sk\/wp-content\/uploads\/2021\/12\/IMG_20210912_145013-300x225.jpg\" alt=\"\" width=\"99\" height=\"74\" srcset=\"http:\/\/mosrzroznava.sk\/wp-content\/uploads\/2021\/12\/IMG_20210912_145013-300x225.jpg 300w, http:\/\/mosrzroznava.sk\/wp-content\/uploads\/2021\/12\/IMG_20210912_145013-1024x768.jpg 1024w, http:\/\/mosrzroznava.sk\/wp-content\/uploads\/2021\/12\/IMG_20210912_145013-768x576.jpg 768w, http:\/\/mosrzroznava.sk\/wp-content\/uploads\/2021\/12\/IMG_20210912_145013-1536x1152.jpg 1536w, http:\/\/mosrzroznava.sk\/wp-content\/uploads\/2021\/12\/IMG_20210912_145013-2048x1536.jpg 2048w\" sizes=\"(max-width: 99px) 100vw, 99px\" \/><\/a><\/strong><\/p>\n<p><strong>r.\u010d. 4-2280-4-4 Slan\u00e1 \u010d.3a CHAP<\/strong> od cestn\u00e9ho mosta v Ro\u017e\u0148ave (smer \u0160t\u00edtnik) po vy\u00fastenie potrubia Sideritovej Ni\u017enoslanskej bane<\/p>\n<p><strong>r.\u010d. 4-2281-4-1 Slan\u00e1 \u010d.3b:<\/strong> \u010ciastkov\u00e9 povodie rieky Slan\u00e1 od vy\u00fastenie potrubia Sideritovej Ni\u017enoslanskej bane po \u00fastie Dob\u0161insk\u00e9ho potoka a Dob\u0161insk\u00fd potok od s\u00fatoku so Slanou po teleso hr\u00e1dze VVN Dob\u0161in\u00e1<\/p>\n<p><strong><u>r.\u010d. 4-2550-4-1\u00a0 \u0160t\u00edtnick\u00fd potok<\/u><\/strong> od \u00fastia Ple\u0161ivci po pramene v Koh\u00fatskej a Stoli\u010dskej doline nad obcou \u010cierna Lehota.<\/p>\n<p><strong>\u00a0<\/strong><\/p>\n<p><strong><u>r.\u010d.\u00a0 4-0280-4-1\u00a0 \u010cermo\u0161\u0148a \u010d.1<\/u><\/strong> \u00a0\u00a0od\u00a0 \u00fastia do Slanej pri obci Brzot\u00edn po pramene nad obcou B\u00f4rka a Pa\u010dansk\u00fd potok od \u00fastia do \u010cermo\u0161ne v obci Kr\u00e1snohorsk\u00e1 Dlh\u00e1 L\u00faka po pramene nad obcou Pa\u010da.<\/p>\n<p><strong><u>r.\u010d. 4-2140-4-1\u00a0 Ro\u017e\u0148avsk\u00fd potok<\/u><\/strong> od \u00fastia do\u00a0 Slanej po\u00a0 pramene nad obcou \u010cu\u010dma.<\/p>\n","protected":false},"excerpt":{"rendered":"<p>Lov na pstruhov\u00fdch vod\u00e1ch je povolen\u00fd od 16.04 do 30.09. kalend\u00e1rneho roka. Po\u010det vych\u00e1dzok- maxim\u00e1lne 3x v\u00a0t\u00fd\u017edni. r.\u010d. 4-2271-4-4 Slan\u00e1 \u010d.2b CHAP od cestn\u00e9ho mosta v Gombaseku \/ smer Silica \/ po cestn\u00fd most v obci Brzot\u00edn r.\u010d. 4-2272-4-4 Slan\u00e1 \u010d.2c CHAP od cestn\u00e9ho mosta v obci Brzot\u00edn po cestn\u00fd most v Ro\u017e\u0148ave\/smer \u0160t\u00edtnik. Pozor &hellip; <a href=\"http:\/\/mosrzroznava.sk\/?page_id=48\" class=\"more-link\">Pokra\u010dova\u0165 na <span class=\"screen-reader-text\">Pstruhov\u00e9 rev\u00edry<\/span> <span class=\"meta-nav\">&rarr;<\/span><\/a><\/p>\n","protected":false},"author":1,"featured_media":395,"parent":0,"menu_order":0,"comment_status":"open","ping_status":"open","template":"","meta":[],"_links":{"self":[{"href":"http:\/\/mosrzroznava.sk\/index.php?rest_route=\/wp\/v2\/pages\/48"}],"collection":[{"href":"http:\/\/mosrzroznava.sk\/index.php?rest_route=\/wp\/v2\/pages"}],"about":[{"href":"http:\/\/mosrzroznava.sk\/index.php?rest_route=\/wp\/v2\/types\/page"}],"author":[{"embeddable":true,"href":"http:\/\/mosrzroznava.sk\/index.php?rest_route=\/wp\/v2\/users\/1"}],"replies":[{"embeddable":true,"href":"http:\/\/mosrzroznava.sk\/index.php?rest_route=%2Fwp%2Fv2%2Fcomments&post=48"}],"version-history":[{"count":11,"href":"http:\/\/mosrzroznava.sk\/index.php?rest_route=\/wp\/v2\/pages\/48\/revisions"}],"predecessor-version":[{"id":1036,"href":"http:\/\/mosrzroznava.sk\/index.php?rest_route=\/wp\/v2\/pages\/48\/revisions\/1036"}],"wp:featuredmedia":[{"embeddable":true,"href":"http:\/\/mosrzroznava.sk\/index.php?rest_route=\/wp\/v2\/media\/395"}],"wp:attachment":[{"href":"http:\/\/mosrzroznava.sk\/index.php?rest_route=%2Fwp%2Fv2%2Fmedia&parent=48"}],"curies":[{"name":"wp","href":"https:\/\/api.w.org\/{rel}","templated":true}]}}