{"id":52,"date":"2015-05-24T02:01:49","date_gmt":"2015-05-24T00:01:49","guid":{"rendered":"http:\/\/mosrzroznava.sk\/?page_id=52"},"modified":"2022-01-23T10:23:37","modified_gmt":"2022-01-23T08:23:37","slug":"chovne-reviry","status":"publish","type":"page","link":"http:\/\/mosrzroznava.sk\/?page_id=52","title":{"rendered":"Chovn\u00e9 rev\u00edry"},"content":{"rendered":"<p style=\"text-align: center;\"><span style=\"color: #ff0000;\"><strong>Pr\u00edsny z\u00e1kaz lovu r\u00fdb<\/strong> ! Sl\u00fa\u017eia na odchov pstruha poto\u010dn\u00e9ho .<\/span><\/p>\n<p><strong><u>r.\u010d.: 4-0021-4-2 Bansk\u00fd potok<\/u><\/strong>\u00a0 &#8211; Bansk\u00fd potok od \u00fastia do potoka \u010cermo\u0161\u0148a nad obcou Drnava po pramene a v\u0161etky pr\u00edtoky \u010cermo\u0161ne od \u00fastia do rieky Slan\u00e1 v Brzot\u00edne po pramene &#8211; Kamenn\u00fd, Jovick\u00fd- Kormo\u0161, Jovick\u00fd, Lipovn\u00edcky, L\u00fa\u010dny, Lepkav\u00fd, Lopu\u0161n\u00fd, Bor\u010diansky a krasov\u00e9 vyviera\u010dky od \u00fastia po pramene.<\/p>\n<p><strong>\u00a0<\/strong><\/p>\n<p><strong><u>r.\u010d.: 4-0071-4-2 Betliarsky potok<\/u><\/strong> \u2013Od \u00fastia do rieky Slan\u00e1 pod obcou Betliar\u00a0 po pramene.<\/p>\n<p><strong>r<u>.\u010d.:\u00a0 4-00460-4-2 Eva potok<\/u><\/strong><u>&#8211;<\/u> Pr\u00edtoky rieky Slan\u00e1 od obce Brzot\u00edn po obec Ple\u0161ivec.<\/p>\n<p><strong>Pravostrann\u00e9 pr\u00edtoky<\/strong> : Potoky-Honsk\u00fd, Egre\u0161sk\u00fd,Eva \u2013\u010eepj\u00fa, Vidovsk\u00fd,<\/p>\n<p><strong>\u013davostrann\u00e9 pr\u00edtoky<\/strong>:Potoky- Pstru\u017e\u00ed-Slavec, Biely \u2013\u00a0\u010cierny potok od \u00fastia pri\u00a0 Gombaseku po pramene.<\/p>\n<p><strong><u>r.\u010d.:\u00a0 4-0510-4-2\u00a0 Hankovsk\u00fd potok<\/u><\/strong> \u2013 Pr\u00edtoky potoka \u0160t\u00edtnik od obce \u010cierna Lehota po Ple\u0161ivec.<\/p>\n<p><strong>Pravostrann\u00e9 pr\u00edtoky <\/strong>: Potok :Rochovsk\u00fd, Ochtinsk\u00fd, Rozlo\u017enica ,<\/p>\n<p><strong>\u013davostrann\u00e9 pr\u00edtoky :<\/strong> Potoky Slavo\u0161ovsk\u00fd \u2013 \u017didlov\u00e1 ,Hankovsk\u00fd,Lesn\u00fd-\u0160t\u00edtnik- P\u00edla, Hon\u010diansky.<\/p>\n<p><strong><u>r.\u010d.: 4-1000-4-2 Kobeliarsky potok<\/u><\/strong> &#8211; Pr\u00edtoky\u00a0 rieky Slan\u00e1 od obce Vlachovo po obec Betliar.<\/p>\n<p><strong>Pravostrann\u00e9 pr\u00edtoky<\/strong> : Potoky- Gampelsk\u00fd, Kobeliarsky, Pali\u0161ovsk\u00fd, \u017ddiarsky.<\/p>\n<p><strong>\u013davostrann\u00fd pr\u00edtok <\/strong>: Vlachovsk\u00fd potok.<\/p>\n<p><strong><u>r.\u010d.: 4-1370-4-2\u00a0 L\u00fa\u010d potok<\/u><\/strong> \u2013 Od s\u00fatoku s\u00a0Ro\u017e\u0148avsk\u00fdm potokom na Ro\u017e\u0148avsk\u00fdch\u00a0 K\u00fape\u013eoch smer Gujapalag po pramene a\u00a0potok Grexa po pramene.<\/p>\n<p><strong><u>r.\u010d.: 4-2500-4-2\u00a0 S\u00fa\u013eovsk\u00fd potok<\/u><\/strong> \u2013 od \u00fastia\u00a0 do rieky Slan\u00e1 pod obcou Gemersk\u00e1 Poloma po \u00faprav\u0148u pitnej vody pri osade Pods\u00fa\u013eov\u00e1 a\u00a0od \u00fapravne po pramene a\u00a0potok Dobo\u0161kovo po pramene.<\/p>\n<p><strong>Pravostrann\u00fd pr\u00edtok<\/strong> : Potok Martinkovo .<\/p>\n<p><strong>\u013davostrann\u00fd pr\u00edtok : <\/strong>Potoky- Dlh\u00fd , Kr\u00e1tky\u00a0 a\u00a0 Pint\u00edkovo,<\/p>\n","protected":false},"excerpt":{"rendered":"<p>Pr\u00edsny z\u00e1kaz lovu r\u00fdb ! Sl\u00fa\u017eia na odchov pstruha poto\u010dn\u00e9ho . r.\u010d.: 4-0021-4-2 Bansk\u00fd potok\u00a0 &#8211; Bansk\u00fd potok od \u00fastia do potoka \u010cermo\u0161\u0148a nad obcou Drnava po pramene a v\u0161etky pr\u00edtoky \u010cermo\u0161ne od \u00fastia do rieky Slan\u00e1 v Brzot\u00edne po pramene &#8211; Kamenn\u00fd, Jovick\u00fd- Kormo\u0161, Jovick\u00fd, Lipovn\u00edcky, L\u00fa\u010dny, Lepkav\u00fd, Lopu\u0161n\u00fd, Bor\u010diansky a krasov\u00e9 vyviera\u010dky od &hellip; <a href=\"http:\/\/mosrzroznava.sk\/?page_id=52\" class=\"more-link\">Pokra\u010dova\u0165 na <span class=\"screen-reader-text\">Chovn\u00e9 rev\u00edry<\/span> <span class=\"meta-nav\">&rarr;<\/span><\/a><\/p>\n","protected":false},"author":1,"featured_media":0,"parent":0,"menu_order":0,"comment_status":"open","ping_status":"open","template":"","meta":[],"_links":{"self":[{"href":"http:\/\/mosrzroznava.sk\/index.php?rest_route=\/wp\/v2\/pages\/52"}],"collection":[{"href":"http:\/\/mosrzroznava.sk\/index.php?rest_route=\/wp\/v2\/pages"}],"about":[{"href":"http:\/\/mosrzroznava.sk\/index.php?rest_route=\/wp\/v2\/types\/page"}],"author":[{"embeddable":true,"href":"http:\/\/mosrzroznava.sk\/index.php?rest_route=\/wp\/v2\/users\/1"}],"replies":[{"embeddable":true,"href":"http:\/\/mosrzroznava.sk\/index.php?rest_route=%2Fwp%2Fv2%2Fcomments&post=52"}],"version-history":[{"count":6,"href":"http:\/\/mosrzroznava.sk\/index.php?rest_route=\/wp\/v2\/pages\/52\/revisions"}],"predecessor-version":[{"id":481,"href":"http:\/\/mosrzroznava.sk\/index.php?rest_route=\/wp\/v2\/pages\/52\/revisions\/481"}],"wp:attachment":[{"href":"http:\/\/mosrzroznava.sk\/index.php?rest_route=%2Fwp%2Fv2%2Fmedia&parent=52"}],"curies":[{"name":"wp","href":"https:\/\/api.w.org\/{rel}","templated":true}]}}