{"id":69,"date":"2015-05-25T19:29:40","date_gmt":"2015-05-25T17:29:40","guid":{"rendered":"http:\/\/mosrzroznava.sk\/?page_id=69"},"modified":"2021-05-19T18:35:17","modified_gmt":"2021-05-19T16:35:17","slug":"home","status":"publish","type":"page","link":"http:\/\/mosrzroznava.sk\/?page_id=69","title":{"rendered":"\u00davod"},"content":{"rendered":"<p style=\"text-align: center;\"><strong>V\u00e1\u017een\u00ed priatelia ryb\u00e1ri,<\/strong><br \/>\nVitajte na str\u00e1nke MO SRZ Ro\u017e\u0148ava, na ktorej V\u00e1s chceme informova\u0165 o aktu\u00e1lnom dian\u00ed v na\u0161ej organiz\u00e1cii, prezentova\u0165 na\u0161u \u010dinnos\u0165, pl\u00e1ny, mo\u017enosti rybolovu v na\u0161ich pstruhov\u00fdch aj kaprov\u00fdch rev\u00edroch. Ver\u00edme, \u017ee n\u00e1m t\u00e1to str\u00e1nka pom\u00f4\u017ee pri vz\u00e1jomnej komunik\u00e1cii, ktor\u00e1 bude n\u00e1pomocn\u00e1 pri rie\u0161en\u00ed spolo\u010dn\u00fdch probl\u00e9mov. Mnoho kr\u00e1snych z\u00e1\u017eitkov pri vode V\u00e1m \u017eel\u00e1 V\u00fdbor MO SRZ Ro\u017e\u0148ava.<\/p>\n","protected":false},"excerpt":{"rendered":"<p>V\u00e1\u017een\u00ed priatelia ryb\u00e1ri, Vitajte na str\u00e1nke MO SRZ Ro\u017e\u0148ava, na ktorej V\u00e1s chceme informova\u0165 o aktu\u00e1lnom dian\u00ed v na\u0161ej organiz\u00e1cii, prezentova\u0165 na\u0161u \u010dinnos\u0165, pl\u00e1ny, mo\u017enosti rybolovu v na\u0161ich pstruhov\u00fdch aj kaprov\u00fdch rev\u00edroch. Ver\u00edme, \u017ee n\u00e1m t\u00e1to str\u00e1nka pom\u00f4\u017ee pri vz\u00e1jomnej komunik\u00e1cii, ktor\u00e1 bude n\u00e1pomocn\u00e1 pri rie\u0161en\u00ed spolo\u010dn\u00fdch probl\u00e9mov. Mnoho kr\u00e1snych z\u00e1\u017eitkov pri vode V\u00e1m \u017eel\u00e1 &hellip; <a href=\"http:\/\/mosrzroznava.sk\/?page_id=69\" class=\"more-link\">Pokra\u010dova\u0165 na <span class=\"screen-reader-text\">\u00davod<\/span> <span class=\"meta-nav\">&rarr;<\/span><\/a><\/p>\n","protected":false},"author":1,"featured_media":0,"parent":0,"menu_order":0,"comment_status":"closed","ping_status":"closed","template":"","meta":[],"_links":{"self":[{"href":"http:\/\/mosrzroznava.sk\/index.php?rest_route=\/wp\/v2\/pages\/69"}],"collection":[{"href":"http:\/\/mosrzroznava.sk\/index.php?rest_route=\/wp\/v2\/pages"}],"about":[{"href":"http:\/\/mosrzroznava.sk\/index.php?rest_route=\/wp\/v2\/types\/page"}],"author":[{"embeddable":true,"href":"http:\/\/mosrzroznava.sk\/index.php?rest_route=\/wp\/v2\/users\/1"}],"replies":[{"embeddable":true,"href":"http:\/\/mosrzroznava.sk\/index.php?rest_route=%2Fwp%2Fv2%2Fcomments&post=69"}],"version-history":[{"count":19,"href":"http:\/\/mosrzroznava.sk\/index.php?rest_route=\/wp\/v2\/pages\/69\/revisions"}],"predecessor-version":[{"id":222,"href":"http:\/\/mosrzroznava.sk\/index.php?rest_route=\/wp\/v2\/pages\/69\/revisions\/222"}],"wp:attachment":[{"href":"http:\/\/mosrzroznava.sk\/index.php?rest_route=%2Fwp%2Fv2%2Fmedia&parent=69"}],"curies":[{"name":"wp","href":"https:\/\/api.w.org\/{rel}","templated":true}]}}